{"id":20,"date":"2025-11-15T11:04:47","date_gmt":"2025-11-15T11:04:47","guid":{"rendered":"https:\/\/tcschoenerwohnen.com\/?page_id=20"},"modified":"2025-12-31T11:38:14","modified_gmt":"2025-12-31T11:38:14","slug":"projects","status":"publish","type":"page","link":"https:\/\/tcschoenerwohnen.com\/?page_id=20","title":{"rendered":"Unsere Projekte"},"content":{"rendered":"\t\t<div data-elementor-type=\"wp-page\" data-elementor-id=\"20\" class=\"elementor elementor-20\">\n\t\t\t\t<div class=\"elementor-element elementor-element-491477f e-flex e-con-boxed e-con e-parent\" data-id=\"491477f\" data-element_type=\"container\" data-e-type=\"container\">\n\t\t\t\t\t<div class=\"e-con-inner\">\n\t\t\t\t<div class=\"elementor-element elementor-element-45c8b46 at-heading-animation at-animation-heading-none elementor-widget elementor-widget-heading\" data-id=\"45c8b46\" data-element_type=\"widget\" data-e-type=\"widget\" data-settings=\"{&quot;ekit_we_effect_on&quot;:&quot;none&quot;}\" data-widget_type=\"heading.default\">\n\t\t\t\t\t<h2 class=\"elementor-heading-title elementor-size-default\"><p><strong>Unsere realisierten Projekte \u2013 Qualit\u00e4t, die \u00fcberzeugt<\/strong><span style=\"letter-spacing: -1.44px\"><\/span><\/p><\/h2>\t\t\t\t<\/div>\n\t\t\t\t<div class=\"elementor-element elementor-element-99e61f9 elementor-widget elementor-widget-text-editor\" data-id=\"99e61f9\" data-element_type=\"widget\" data-e-type=\"widget\" data-settings=\"{&quot;ekit_we_effect_on&quot;:&quot;none&quot;}\" data-widget_type=\"text-editor.default\">\n\t\t\t\t\t\t\t\t\t<p class=\"font-claude-response-body break-words whitespace-normal leading-[1.7]\">Jedes Projekt erz\u00e4hlt seine eigene Geschichte. Von modernen Neubauten \u00fcber hochwertige Sanierungen bis hin zu kompletten Kernsanierungen \u2013 hier finden Sie eine Auswahl unserer erfolgreich abgeschlossenen Arbeiten.<\/p><p class=\"font-claude-response-body break-words whitespace-normal leading-[1.7]\">\u00dcberzeugen Sie sich selbst von unserer Handwerkskunst, Liebe zum Detail und der Qualit\u00e4t, die wir in jedem Projekt umsetzen. Ob Ein- und Mehrfamilienh\u00e4user, Wohnungen oder gewerbliche Objekte \u2013 wir realisieren Ihr Vorhaben termingerecht, fachgerecht und mit h\u00f6chstem Anspruch.<\/p>\t\t\t\t\t\t\t\t<\/div>\n\t\t\t\t\t<\/div>\n\t\t\t\t<\/div>\n\t\t<div class=\"elementor-element elementor-element-6ad7cbe e-flex e-con-boxed e-con e-parent\" data-id=\"6ad7cbe\" data-element_type=\"container\" data-e-type=\"container\">\n\t\t\t\t\t<div class=\"e-con-inner\">\n\t\t\t\t<div class=\"elementor-element elementor-element-cab52da elementor-grid-3 elementor-grid-laptop-3 elementor-grid-tablet-2 elementor-grid-mobile-1 awaiken-portfolio-gutter-30 awaiken-portfolio-gutter-30 awaiken-portfolio-gutter-30 elementor-widget elementor-widget-renovex-project-grid\" data-id=\"cab52da\" data-element_type=\"widget\" data-e-type=\"widget\" data-settings=\"{&quot;grid_layout&quot;:&quot;grid&quot;,&quot;grid_style&quot;:&quot;1&quot;,&quot;columns&quot;:&quot;3&quot;,&quot;columns_laptop&quot;:&quot;3&quot;,&quot;columns_tablet&quot;:&quot;2&quot;,&quot;columns_mobile&quot;:&quot;1&quot;,&quot;ekit_we_effect_on&quot;:&quot;none&quot;}\" data-widget_type=\"renovex-project-grid.default\">\n\t\t\t\t<div class=\"elementor-widget-container\">\n\t\t\t\t\t\t\t<div id=\"awaiken-portfolio-cab52da\" class=\"awaiken-project-widget layout-style-1\" data-config='{&quot;rtl&quot;:false,&quot;id&quot;:&quot;cab52da&quot;,&quot;item_spacing&quot;:&quot;30&quot;,&quot;show_filter_bar&quot;:&quot;&quot;}'>\n\t\t\t\t<div class=\"awaiken-portfolio-grid elementor-grid awaiken-portfolio-layout-grid awaiken-portfolio-item-design-1\">\n\t\t\t\t<article class=\"awaiken-portfolio-grid-item  post-17444 awaiken-project type-awaiken-project status-publish has-post-thumbnail hentry\">\n\t\t\t<div class=\"project-item \">\n\t\t\t\t<div class=\"project-item-image\">\n\t\t\t\t\t<a href=\"https:\/\/tcschoenerwohnen.com\/?awaiken-project=neubau-haus-in-friedberg\">\n\t\t\t\t\t\t<figure class=\"at-blog-shiny-glass-effect\">\n\t\t\t\t\t\t\t<img fetchpriority=\"high\" decoding=\"async\" width=\"1353\" height=\"1650\" src=\"https:\/\/tcschoenerwohnen.com\/wp-content\/uploads\/2025\/12\/IMG_2723-scaled-e1767601776153-1.jpeg\" class=\"attachment-post-thumbnail size-post-thumbnail wp-post-image\" alt=\"\" srcset=\"https:\/\/tcschoenerwohnen.com\/wp-content\/uploads\/2025\/12\/IMG_2723-scaled-e1767601776153-1.jpeg 1353w, https:\/\/tcschoenerwohnen.com\/wp-content\/uploads\/2025\/12\/IMG_2723-scaled-e1767601776153-1-246x300.jpeg 246w, https:\/\/tcschoenerwohnen.com\/wp-content\/uploads\/2025\/12\/IMG_2723-scaled-e1767601776153-1-840x1024.jpeg 840w, https:\/\/tcschoenerwohnen.com\/wp-content\/uploads\/2025\/12\/IMG_2723-scaled-e1767601776153-1-768x937.jpeg 768w, https:\/\/tcschoenerwohnen.com\/wp-content\/uploads\/2025\/12\/IMG_2723-scaled-e1767601776153-1-1260x1536.jpeg 1260w\" sizes=\"(max-width: 1353px) 100vw, 1353px\" \/>\t\t\t\t\t\t<\/figure>\n\t\t\t\t\t<\/a>\n\t\t\t\t<\/div>\n\t\t\t\t<div class=\"project-item-content\">\n\t\t\t\t\t<div class=\"project-item-title\">\n\t\t\t\t\t\t<a href=\"https:\/\/tcschoenerwohnen.com\/?awaiken-project=neubau-haus-in-friedberg\">\n\t\t\t\t\t\t\t<h2>Stadtvilla in Friedberg<\/h2>\n\t\t\t\t\t\t<\/a>\n\t\t\t\t\t\t<p>Stadtvilla in Frieberg Home Projekt \u00dcbersicht Geb\u00e4udetyp: Stadtvilla Bauzeit: 8 Monate Fertigstellung: [&hellip;]<\/p>\n\t\t\t\t\t<\/div>\n\t\t\t\t\t\t\t\t\t<\/div>\n\t\t\t\t<div class=\"project-item-btn\">\n\t\t\t\t\t<a href=\"https:\/\/tcschoenerwohnen.com\/?awaiken-project=neubau-haus-in-friedberg\"><svg xmlns=\"http:\/\/www.w3.org\/2000\/svg\" width=\"20\" height=\"20\" viewBox=\"0 0 20 20\" fill=\"currentColor\"><path fill-rule=\"evenodd\" clip-rule=\"evenodd\" d=\"M17.908 8.96934C15.4978 8.96934 13.3011 6.68213 13.3011 4.17043V3.14062H11.3238V4.17043C11.3238 5.99731 12.093 7.71091 13.3001 8.96934L1.10156 8.96934L1.10156 11.029L13.3001 11.029C12.093 12.2874 11.3238 14.001 11.3238 15.8279V16.8577H13.3011V15.8279C13.3011 13.3162 15.4978 11.029 17.908 11.029H18.8966V8.96934H17.908Z\"><\/path><\/svg><\/a>\t\t\t\t<\/div>\n\t\t\t<\/div>\n\t\t\t\n\t\t<\/article>\n\t\t\t\t<article class=\"awaiken-portfolio-grid-item  post-17422 awaiken-project type-awaiken-project status-publish has-post-thumbnail hentry\">\n\t\t\t<div class=\"project-item \">\n\t\t\t\t<div class=\"project-item-image\">\n\t\t\t\t\t<a href=\"https:\/\/tcschoenerwohnen.com\/?awaiken-project=wohnung-friedberg\">\n\t\t\t\t\t\t<figure class=\"at-blog-shiny-glass-effect\">\n\t\t\t\t\t\t\t<img decoding=\"async\" width=\"1200\" height=\"1600\" src=\"https:\/\/tcschoenerwohnen.com\/wp-content\/uploads\/2025\/12\/a1d090f3-194a-4550-adce-32200ca25031.jpg\" class=\"attachment-post-thumbnail size-post-thumbnail wp-post-image\" alt=\"\" srcset=\"https:\/\/tcschoenerwohnen.com\/wp-content\/uploads\/2025\/12\/a1d090f3-194a-4550-adce-32200ca25031.jpg 1200w, https:\/\/tcschoenerwohnen.com\/wp-content\/uploads\/2025\/12\/a1d090f3-194a-4550-adce-32200ca25031-225x300.jpg 225w, https:\/\/tcschoenerwohnen.com\/wp-content\/uploads\/2025\/12\/a1d090f3-194a-4550-adce-32200ca25031-768x1024.jpg 768w, https:\/\/tcschoenerwohnen.com\/wp-content\/uploads\/2025\/12\/a1d090f3-194a-4550-adce-32200ca25031-1152x1536.jpg 1152w\" sizes=\"(max-width: 1200px) 100vw, 1200px\" \/>\t\t\t\t\t\t<\/figure>\n\t\t\t\t\t<\/a>\n\t\t\t\t<\/div>\n\t\t\t\t<div class=\"project-item-content\">\n\t\t\t\t\t<div class=\"project-item-title\">\n\t\t\t\t\t\t<a href=\"https:\/\/tcschoenerwohnen.com\/?awaiken-project=wohnung-friedberg\">\n\t\t\t\t\t\t\t<h2>Wohnung Friedberg<\/h2>\n\t\t\t\t\t\t<\/a>\n\t\t\t\t\t\t<p>Wohnung Friedberg Home Projekt \u00dcbersicht Geb\u00e4udetyp: Wohnung Bauzeit: 2 Monate Fertigstellung: 11. [&hellip;]<\/p>\n\t\t\t\t\t<\/div>\n\t\t\t\t\t\t\t\t\t<\/div>\n\t\t\t\t<div class=\"project-item-btn\">\n\t\t\t\t\t<a href=\"https:\/\/tcschoenerwohnen.com\/?awaiken-project=wohnung-friedberg\"><svg xmlns=\"http:\/\/www.w3.org\/2000\/svg\" width=\"20\" height=\"20\" viewBox=\"0 0 20 20\" fill=\"currentColor\"><path fill-rule=\"evenodd\" clip-rule=\"evenodd\" d=\"M17.908 8.96934C15.4978 8.96934 13.3011 6.68213 13.3011 4.17043V3.14062H11.3238V4.17043C11.3238 5.99731 12.093 7.71091 13.3001 8.96934L1.10156 8.96934L1.10156 11.029L13.3001 11.029C12.093 12.2874 11.3238 14.001 11.3238 15.8279V16.8577H13.3011V15.8279C13.3011 13.3162 15.4978 11.029 17.908 11.029H18.8966V8.96934H17.908Z\"><\/path><\/svg><\/a>\t\t\t\t<\/div>\n\t\t\t<\/div>\n\t\t\t\n\t\t<\/article>\n\t\t\t\t<article class=\"awaiken-portfolio-grid-item  post-2436 awaiken-project type-awaiken-project status-publish has-post-thumbnail hentry\">\n\t\t\t<div class=\"project-item \">\n\t\t\t\t<div class=\"project-item-image\">\n\t\t\t\t\t<a href=\"https:\/\/tcschoenerwohnen.com\/?awaiken-project=maplewood-apartments\">\n\t\t\t\t\t\t<figure class=\"at-blog-shiny-glass-effect\">\n\t\t\t\t\t\t\t<img decoding=\"async\" width=\"1200\" height=\"800\" src=\"https:\/\/tcschoenerwohnen.com\/wp-content\/uploads\/2025\/12\/Design-ohne-Titel-20.png\" class=\"attachment-post-thumbnail size-post-thumbnail wp-post-image\" alt=\"\" \/>\t\t\t\t\t\t<\/figure>\n\t\t\t\t\t<\/a>\n\t\t\t\t<\/div>\n\t\t\t\t<div class=\"project-item-content\">\n\t\t\t\t\t<div class=\"project-item-title\">\n\t\t\t\t\t\t<a href=\"https:\/\/tcschoenerwohnen.com\/?awaiken-project=maplewood-apartments\">\n\t\t\t\t\t\t\t<h2>Haus in Friedberg Feuerbach\u200b<\/h2>\n\t\t\t\t\t\t<\/a>\n\t\t\t\t\t\t<p>Haus in Friedberg Fauerbach Home Projekt \u00dcbersicht Geb\u00e4udetyp: Haus Bauzeit: 8 Monate [&hellip;]<\/p>\n\t\t\t\t\t<\/div>\n\t\t\t\t\t\t\t\t\t<\/div>\n\t\t\t\t<div class=\"project-item-btn\">\n\t\t\t\t\t<a href=\"https:\/\/tcschoenerwohnen.com\/?awaiken-project=maplewood-apartments\"><svg xmlns=\"http:\/\/www.w3.org\/2000\/svg\" width=\"20\" height=\"20\" viewBox=\"0 0 20 20\" fill=\"currentColor\"><path fill-rule=\"evenodd\" clip-rule=\"evenodd\" d=\"M17.908 8.96934C15.4978 8.96934 13.3011 6.68213 13.3011 4.17043V3.14062H11.3238V4.17043C11.3238 5.99731 12.093 7.71091 13.3001 8.96934L1.10156 8.96934L1.10156 11.029L13.3001 11.029C12.093 12.2874 11.3238 14.001 11.3238 15.8279V16.8577H13.3011V15.8279C13.3011 13.3162 15.4978 11.029 17.908 11.029H18.8966V8.96934H17.908Z\"><\/path><\/svg><\/a>\t\t\t\t<\/div>\n\t\t\t<\/div>\n\t\t\t\n\t\t<\/article>\n\t\t\t\t<\/div>\n\t\t<\/div>\n\t\t\t\t\t\t<\/div>\n\t\t\t\t<\/div>\n\t\t\t\t\t<\/div>\n\t\t\t\t<\/div>\n\t\t<div class=\"elementor-element elementor-element-70f53d81 elementor-hidden-desktop elementor-hidden-laptop elementor-hidden-tablet elementor-hidden-mobile e-flex e-con-boxed e-con e-parent\" data-id=\"70f53d81\" data-element_type=\"container\" data-e-type=\"container\">\n\t\t\t\t\t<div class=\"e-con-inner\">\n\t\t\t\t<div class=\"elementor-element elementor-element-4f14c100 elementor-widget elementor-widget-text-editor\" data-id=\"4f14c100\" data-element_type=\"widget\" data-e-type=\"widget\" data-settings=\"{&quot;ekit_we_effect_on&quot;:&quot;none&quot;}\" data-widget_type=\"text-editor.default\">\n\t\t\t\t\t\t\t\t\t<h2>Projects<\/h2><p><a href=\"#\">Home<\/a> &#8211; Projects<\/p><ul><li><br \/>Our Project<\/li><\/ul><h2>Dedicated to Building Excellence.<\/h2><p>Interdum et malesuada fames ac ante ipsum primis in faucibus. Nam euismod, risus non molestie elementum, metus urna ullamcorper justo, quis vulputate nulla ante condimentum.<\/p><h2>High-Rise Residential Tower<\/h2><p>Residential Construction<\/p><ul><li><a href=\"#\" aria-label=\"Plus\">\u00a0<\/a><\/li><\/ul><h2>Green Office Park Commercial<\/h2><p>Green Office Park Commercial<\/p><ul><li><a href=\"#\" aria-label=\"Plus\">\u00a0<\/a><\/li><\/ul><h2>Mixed-Use Urban Development<\/h2><p>Mixed-Use Development<\/p><ul><li><a href=\"#\" aria-label=\"Plus\">\u00a0<\/a><\/li><\/ul><h2>Healthcare Facility Expansion<\/h2><p>Healthcare Construction<\/p><ul><li><a href=\"#\" aria-label=\"Plus\">\u00a0<\/a><\/li><\/ul><h2>High-Rise Residential Tower<\/h2><p>Residential Construction<\/p><ul><li><a href=\"#\" aria-label=\"Plus\">\u00a0<\/a><\/li><\/ul><h2>Green Office Park Commercial<\/h2><p>Green Office Park Commercial<\/p><ul><li><a href=\"#\" aria-label=\"Plus\">\u00a0<\/a><\/li><\/ul><h2>Mixed-Use Urban Development<\/h2><p>Mixed-Use Development<\/p><ul><li><a href=\"#\" aria-label=\"Plus\">\u00a0<\/a><\/li><\/ul><h2>Healthcare Facility Expansion<\/h2><p>Healthcare Construction<\/p><ul><li><a href=\"#\" aria-label=\"Plus\">\u00a0<\/a><\/li><\/ul><p><img loading=\"lazy\" decoding=\"async\" src=\"https:\/\/tcschoenerwohnen.com\/wp-content\/uploads\/2025\/11\/W8FGRJE.png\" sizes=\"(max-width: 600px) 100vw, 600px\" srcset=\"https:\/\/tcschoenerwohnen.com\/wp-content\/uploads\/2025\/11\/W8FGRJE.png 600w, https:\/\/tcschoenerwohnen.com\/wp-content\/uploads\/2025\/11\/W8FGRJE-200x300.png 200w\" alt=\"\" width=\"600\" height=\"900\" \/><\/p><ul><li><br \/>Why Choose Us<\/li><\/ul><h2>Building Trust Through Excellence.<\/h2><p>Lorem ipsum dolor sit amet, consectetur adipiscing elit. Maecenas vel turpis in turpis rhoncus convallis nec id ligula. Integer mollis interdum tristique. Nam purus lacus, malesuada quis mauris ornare, tempus maximus purus. Curabitur id neque quis odio vestibulum vulputate et sit amet tortor.\u00a0<\/p><h6>Reputation &amp;<\/h6><h4>High-Quality<\/h4><p>Curabitur id neque quis odio vestibulum vulputate.<\/p><h6>Value of<\/h6><h4>Money<\/h4><p>Curabitur id neque quis odio vestibulum vulputate.<\/p><h6>Comprehensive<\/h6><h4>Solutions<\/h4><p>Curabitur id neque quis odio vestibulum vulputate.<\/p><h6>Customer<\/h6><h4>Services<\/h4><p>Curabitur id neque quis odio vestibulum vulputate.<\/p><p><img loading=\"lazy\" decoding=\"async\" src=\"https:\/\/tcschoenerwohnen.com\/wp-content\/uploads\/2025\/11\/L12.png\" alt=\"\" width=\"300\" height=\"100\" \/> <img loading=\"lazy\" decoding=\"async\" src=\"https:\/\/tcschoenerwohnen.com\/wp-content\/uploads\/2025\/11\/L1.png\" alt=\"\" width=\"300\" height=\"100\" \/> <img loading=\"lazy\" decoding=\"async\" src=\"https:\/\/tcschoenerwohnen.com\/wp-content\/uploads\/2025\/11\/L11.png\" alt=\"\" width=\"300\" height=\"100\" \/> <img loading=\"lazy\" decoding=\"async\" src=\"https:\/\/tcschoenerwohnen.com\/wp-content\/uploads\/2025\/11\/L10.png\" alt=\"\" width=\"300\" height=\"100\" \/><\/p>\t\t\t\t\t\t\t\t<\/div>\n\t\t\t\t\t<\/div>\n\t\t\t\t<\/div>\n\t\t\t\t<\/div>\n\t\t","protected":false},"excerpt":{"rendered":"<p>Unsere realisierten Projekte \u2013 Qualit\u00e4t, die \u00fcberzeugt Jedes Projekt erz\u00e4hlt seine eigene [&hellip;]<\/p>\n","protected":false},"author":2,"featured_media":0,"parent":0,"menu_order":0,"comment_status":"closed","ping_status":"closed","template":"","meta":{"footnotes":""},"class_list":["post-20","page","type-page","status-publish","hentry"],"_links":{"self":[{"href":"https:\/\/tcschoenerwohnen.com\/index.php?rest_route=\/wp\/v2\/pages\/20","targetHints":{"allow":["GET"]}}],"collection":[{"href":"https:\/\/tcschoenerwohnen.com\/index.php?rest_route=\/wp\/v2\/pages"}],"about":[{"href":"https:\/\/tcschoenerwohnen.com\/index.php?rest_route=\/wp\/v2\/types\/page"}],"author":[{"embeddable":true,"href":"https:\/\/tcschoenerwohnen.com\/index.php?rest_route=\/wp\/v2\/users\/2"}],"replies":[{"embeddable":true,"href":"https:\/\/tcschoenerwohnen.com\/index.php?rest_route=%2Fwp%2Fv2%2Fcomments&post=20"}],"version-history":[{"count":23,"href":"https:\/\/tcschoenerwohnen.com\/index.php?rest_route=\/wp\/v2\/pages\/20\/revisions"}],"predecessor-version":[{"id":17523,"href":"https:\/\/tcschoenerwohnen.com\/index.php?rest_route=\/wp\/v2\/pages\/20\/revisions\/17523"}],"wp:attachment":[{"href":"https:\/\/tcschoenerwohnen.com\/index.php?rest_route=%2Fwp%2Fv2%2Fmedia&parent=20"}],"curies":[{"name":"wp","href":"https:\/\/api.w.org\/{rel}","templated":true}]}}