{"id":23,"date":"2025-11-15T10:43:11","date_gmt":"2025-11-15T10:43:11","guid":{"rendered":"https:\/\/tcschoenerwohnen.com\/?page_id=23"},"modified":"2026-01-05T08:21:05","modified_gmt":"2026-01-05T08:21:05","slug":"about-us","status":"publish","type":"page","link":"https:\/\/tcschoenerwohnen.com\/?page_id=23","title":{"rendered":"\u00dcber uns"},"content":{"rendered":"\t\t<div data-elementor-type=\"wp-page\" data-elementor-id=\"23\" class=\"elementor elementor-23\">\n\t\t\t\t<div class=\"elementor-element elementor-element-c0b0eba e-flex e-con-boxed e-con e-parent\" data-id=\"c0b0eba\" data-element_type=\"container\" data-e-type=\"container\">\n\t\t\t\t\t<div class=\"e-con-inner\">\n\t\t\t\t<div class=\"elementor-element elementor-element-ab9d8d9 at-image-animation at-animation-image-none at-none elementor-widget elementor-widget-image\" data-id=\"ab9d8d9\" data-element_type=\"widget\" data-e-type=\"widget\" data-settings=\"{&quot;ekit_we_effect_on&quot;:&quot;none&quot;}\" data-widget_type=\"image.default\">\n\t\t\t\t\t\t\t\t\t\t\t\t\t\t\t<img fetchpriority=\"high\" decoding=\"async\" width=\"592\" height=\"224\" src=\"https:\/\/tcschoenerwohnen.com\/wp-content\/uploads\/2025\/11\/cropped-Logo_T.C.SchoenerWohnen__1_-1-removebg-preview.png\" class=\"attachment-large size-large wp-image-17016\" alt=\"\" srcset=\"https:\/\/tcschoenerwohnen.com\/wp-content\/uploads\/2025\/11\/cropped-Logo_T.C.SchoenerWohnen__1_-1-removebg-preview.png 592w, https:\/\/tcschoenerwohnen.com\/wp-content\/uploads\/2025\/11\/cropped-Logo_T.C.SchoenerWohnen__1_-1-removebg-preview-300x114.png 300w\" sizes=\"(max-width: 592px) 100vw, 592px\" \/>\t\t\t\t\t\t\t\t\t\t\t\t\t\t\t<\/div>\n\t\t\t\t\t<\/div>\n\t\t\t\t<\/div>\n\t\t<div class=\"elementor-element elementor-element-76a476ff e-flex e-con-boxed e-con e-parent\" data-id=\"76a476ff\" data-element_type=\"container\" data-e-type=\"container\">\n\t\t\t\t\t<div class=\"e-con-inner\">\n\t\t\t\t<div class=\"elementor-element elementor-element-8e63337 at-heading-animation at-animation-heading-none elementor-widget elementor-widget-heading\" data-id=\"8e63337\" data-element_type=\"widget\" data-e-type=\"widget\" data-settings=\"{&quot;ekit_we_effect_on&quot;:&quot;none&quot;}\" data-widget_type=\"heading.default\">\n\t\t\t\t\t<h1 class=\"elementor-heading-title elementor-size-default\">TC Sch\u00f6ner Wohnen GmbH \u2013 Ihre Baufirma in Friedberg mit 5 Jahren Erfahrung im Baugewerbe<\/h1>\t\t\t\t<\/div>\n\t\t\t\t<div class=\"elementor-element elementor-element-34a1c87 elementor-widget elementor-widget-text-editor\" data-id=\"34a1c87\" data-element_type=\"widget\" data-e-type=\"widget\" data-settings=\"{&quot;ekit_we_effect_on&quot;:&quot;none&quot;}\" data-widget_type=\"text-editor.default\">\n\t\t\t\t\t\t\t\t\t<h4 style=\"text-align: center;\"><strong>Familiengef\u00fchrt. Erfahren. Verl\u00e4sslich.<\/strong><\/h4>\n<p>TC Sch\u00f6ner Wohnen GmbH steht seit 5 Jahren f\u00fcr Qualit\u00e4t, Zuverl\u00e4ssigkeit und echte Handwerkskompetenz im Raum Friedberg und Umgebung. Als familiengef\u00fchrtes Unternehmen legen wir besonderen Wert auf Vertrauensw\u00fcrdigkeit, Ehrlichkeit und ein famili\u00e4res Miteinander \u2013 sowohl im Team als auch im Umgang mit unseren Kunden.<\/p>\n<h4>Pers\u00f6nliche Betreuung durch den Gesch\u00e4ftsf\u00fchrer<\/h4>\n<p>Angef\u00fchrt wird das Unternehmen von Gesch\u00e4ftsf\u00fchrer <strong>Erdal Cinar<\/strong>, dem Kopf hinter allen Projekten. Er ist t\u00e4glich auf den Baustellen unterwegs, koordiniert Abl\u00e4ufe, \u00fcberwacht die Umsetzung und bleibt dabei stets im direkten Austausch mit den Kunden. Seine N\u00e4he zur Praxis sorgt daf\u00fcr, dass jeder Auftrag pr\u00e4zise geplant und fachgerecht realisiert wird \u2013 von der ersten Idee bis zur fertigen \u00dcbergabe.<\/p>\n<p>Unterst\u00fctzt wird er durch unser B\u00fcro-Team, das f\u00fcr perfekte Organisation sorgt: Unsere Sekret\u00e4rin ist zentrale Ansprechpartnerin f\u00fcr Terminabsprachen, Projektunterlagen und eine reibungslose Kommunikation zwischen Kunden, Team und Baustelle. Gemeinsam sorgen wir f\u00fcr einen strukturierten Ablauf und einen Service, auf den Sie sich verlassen k\u00f6nnen.<\/p>\n<h4>Erfahrung, die z\u00e4hlt&nbsp;<br><br><font color=\"#666666\" face=\"DM Sans, sans-serif\"><span style=\"font-size: 16px; font-weight: 400;\">Mit 17 Jahren Erfahrung im gewerblichen Bereich<\/span><\/font><span style=\"color: rgb(102, 102, 102); font-family: &quot;DM Sans&quot;, sans-serif; font-size: 16px; font-weight: 400;\">&nbsp;kennen wir die Anforderungen an Bau, Sanierung und Werterhalt aus erster Hand. Wir wissen, worauf es ankommt \u2013 bei Planung, Ausf\u00fchrung und langfristiger Qualit\u00e4t.<\/span><\/h4>\n<p>In den vergangenen Jahren haben wir zahlreiche Bau- und Sanierungsvorhaben erfolgreich umgesetzt: von modernisierten Ein- und Mehrfamilienh\u00e4usern \u00fcber Wohnraumerweiterungen bis hin zu Dach- und Fassadenerneuerungen sowie hochwertigen Ausbauten von Dach- und Bodenfl\u00e4chen. Dazu kommen umfangreiche Neubauarbeiten, darunter <strong>14 neue Apartments<\/strong> und moderne Wohneinheiten. Jedes Projekt zeigt unseren Qualit\u00e4tsanspruch und die zuverl\u00e4ssige Umsetzung, die unsere Arbeit auszeichnet.<\/p>\n<h4>Starke Partner an unserer Seite<\/h4>\n<p>F\u00fcr h\u00f6chste Qualit\u00e4t arbeiten wir mit renommierten Partnern wie <strong>W\u00fcrth, MEG und Knauf<\/strong> zusammen. Diese langj\u00e4hrigen Gesch\u00e4ftsbeziehungen garantieren erstklassige Materialien und zuverl\u00e4ssige Lieferketten f\u00fcr alle Projekte.<\/p>\n<h4>Unser Team \u2013 Kompetenz und Zuverl\u00e4ssigkeit<\/h4>\n<p>Unser Team besteht aus <strong>3 festangestellten Mitarbeitern<\/strong> sowie <strong>8 spezialisierten Sub-Fachunternehmen<\/strong>, die uns bei der Umsetzung komplexer Projekte unterst\u00fctzen. So vereinen wir feste Strukturen mit flexibler Fachkompetenz \u2013 f\u00fcr optimale Ergebnisse in jedem Bereich.<\/p>\n<h4>Unsere Leistungen \u2013 Alles aus einer Hand<\/h4>\n<p>Bei TC Sch\u00f6ner Wohnen GmbH bieten wir ein umfassendes Leistungsspektrum f\u00fcr private und gewerbliche Kunden. Wir realisieren Projekte schl\u00fcsselfertig, zuverl\u00e4ssig und fachgerecht:<\/p>\n<ul>\n<li><strong>Schl\u00fcsselfertige Bau- und Sanierungsprojekte<\/strong><\/li>\n<li><strong>Komplette Kernsanierung<\/strong> von Wohnungen und H\u00e4usern<\/li>\n<li><strong>Dach- und Fassadend\u00e4mmung<\/strong> zur energetischen Optimierung<\/li>\n<li><strong>Klein- und Gro\u00dfbaustellen<\/strong> \u2013 vom einzelnen Raum bis zum gesamten Objekt<\/li>\n<li><strong>Entr\u00fcmpelung, R\u00fcckbau &amp; Vorbereitung<\/strong> f\u00fcr Sanierungen<\/li>\n<li><strong>Planung, Organisation und Umsetzung<\/strong> aus einer Hand<\/li>\n<li><strong>Immobilienvermittlung<\/strong><\/li>\n<li><strong>Finanzierungsberatung<\/strong><\/li>\n<li><strong>Immobilienankauf<\/strong><\/li>\n<\/ul>\n<p>Ob Modernisierung, Umbau oder komplette Neugestaltung \u2013 wir verbinden fachliche Expertise mit zuverl\u00e4ssigem Projektmanagement. So entstehen Ergebnisse, die sowohl optisch als auch technisch \u00fcberzeugen.<\/p>\n<h4>Warum TC Sch\u00f6ner Wohnen?<\/h4>\n<p>\u2713<b>5 Jahre Erfahrung<\/b> im Bau- und Sanierungsbereich<br>\u2713<strong>17 Jahre Erfahrung<\/strong> im gewerblichen Bereich<br>\u2713 <strong>Familiengef\u00fchrt<\/strong> \u2013 Vertrauen und pers\u00f6nliche Betreuung<br>\u2713 <strong>Gesch\u00e4ftsf\u00fchrer auf jeder Baustelle<\/strong> \u2013 direkte Ansprechpartner<br>\u2713 <strong>Starke Partner<\/strong> wie W\u00fcrth, MEG und Knauf<br>\u2713 <strong>Alles aus einer Hand<\/strong> \u2013 von Planung bis \u00dcbergabe<\/p>\t\t\t\t\t\t\t\t<\/div>\n\t\t\t\t\t<\/div>\n\t\t\t\t<\/div>\n\t\t<div class=\"elementor-element elementor-element-2a89788 e-flex e-con-boxed e-con e-parent\" data-id=\"2a89788\" data-element_type=\"container\" data-e-type=\"container\">\n\t\t\t\t\t<div class=\"e-con-inner\">\n\t\t\t\t<div class=\"elementor-element elementor-element-4d2ba08 at-heading-animation at-animation-heading-none elementor-widget elementor-widget-heading\" data-id=\"4d2ba08\" data-element_type=\"widget\" data-e-type=\"widget\" data-settings=\"{&quot;ekit_we_effect_on&quot;:&quot;none&quot;}\" data-widget_type=\"heading.default\">\n\t\t\t\t\t<h3 class=\"elementor-heading-title elementor-size-default\">Kontaktieren Sie uns f\u00fcr Ihr n\u00e4chstes Projekt \u2013 wir freuen uns auf Ihre Anfrage!<\/h3>\t\t\t\t<\/div>\n\t\t\t\t\t<\/div>\n\t\t\t\t<\/div>\n\t\t<div class=\"elementor-element elementor-element-7fbf8cf e-flex e-con-boxed e-con e-parent\" data-id=\"7fbf8cf\" data-element_type=\"container\" data-e-type=\"container\">\n\t\t\t\t\t<div class=\"e-con-inner\">\n\t\t\t\t<div class=\"elementor-element elementor-element-7376870 elementor-widget elementor-widget-shortcode\" data-id=\"7376870\" data-element_type=\"widget\" data-e-type=\"widget\" data-settings=\"{&quot;ekit_we_effect_on&quot;:&quot;none&quot;}\" data-widget_type=\"shortcode.default\">\n\t\t\t\t\t\t\t<div class=\"elementor-shortcode\">\n<div class=\"wpcf7 no-js\" id=\"wpcf7-f16903-o1\" lang=\"en\" dir=\"ltr\" data-wpcf7-id=\"16903\">\n<div class=\"screen-reader-response\"><p role=\"status\" aria-live=\"polite\" aria-atomic=\"true\"><\/p> <ul><\/ul><\/div>\n<form action=\"\/index.php?rest_route=%2Fwp%2Fv2%2Fpages%2F23#wpcf7-f16903-o1\" method=\"post\" class=\"wpcf7-form init\" aria-label=\"Contact form\" novalidate=\"novalidate\" data-status=\"init\">\n<fieldset class=\"hidden-fields-container\"><input type=\"hidden\" name=\"_wpcf7\" value=\"16903\" \/><input type=\"hidden\" name=\"_wpcf7_version\" value=\"6.1.5\" \/><input type=\"hidden\" name=\"_wpcf7_locale\" value=\"en\" \/><input type=\"hidden\" name=\"_wpcf7_unit_tag\" value=\"wpcf7-f16903-o1\" \/><input type=\"hidden\" name=\"_wpcf7_container_post\" value=\"0\" \/><input type=\"hidden\" name=\"_wpcf7_posted_data_hash\" value=\"\" \/>\n<\/fieldset>\n<style>\n.form-row {\n display: flex;\n gap: 15px;\n margin-bottom: 15px;\n}\n.form-row > div {\n flex: 1;\n}\n.form-label {\n display: block;\n margin-bottom: 5px;\n font-weight: bold;\n}\nlabel {\n display: block;\n margin-bottom: 15px;\n}\ninput[type=\"text\"],\ninput[type=\"email\"],\ntextarea {\n width: 100%;\n padding: 10px;\n border: 1px solid #ccc;\n border-radius: 4px;\n font-size: 14px;\n}\n.email-field {\n max-width: 50%;\n}\ntextarea {\n min-height: 120px;\n resize: vertical;\n}\n.submit-btn {\n background-color: #F5C842;\n color: #000;\n padding: 12px 30px;\n border: none;\n border-radius: 4px;\n font-weight: bold;\n cursor: pointer;\n font-size: 16px;\n}\n<\/style>\n<div class=\"form-label\">\n\t<p>Name *\n\t<\/p>\n<\/div>\n<div class=\"form-row\">\n\t<div>\n\t\t<p><span class=\"wpcf7-form-control-wrap\" data-name=\"your-firstname\"><input size=\"40\" maxlength=\"400\" class=\"wpcf7-form-control wpcf7-text wpcf7-validates-as-required\" aria-required=\"true\" aria-invalid=\"false\" placeholder=\"Vorname\" value=\"\" type=\"text\" name=\"your-firstname\" \/><\/span>\n\t\t<\/p>\n\t<\/div>\n\t<div>\n\t\t<p><span class=\"wpcf7-form-control-wrap\" data-name=\"your-lastname\"><input size=\"40\" maxlength=\"400\" class=\"wpcf7-form-control wpcf7-text wpcf7-validates-as-required\" aria-required=\"true\" aria-invalid=\"false\" placeholder=\"Nachname\" value=\"\" type=\"text\" name=\"your-lastname\" \/><\/span>\n\t\t<\/p>\n\t<\/div>\n<\/div>\n<p><label><br \/>\nE-Mail *<br \/>\n<span class=\"email-field\"><span class=\"wpcf7-form-control-wrap\" data-name=\"your-email\"><input size=\"40\" maxlength=\"400\" class=\"wpcf7-form-control wpcf7-email wpcf7-validates-as-required wpcf7-text wpcf7-validates-as-email\" aria-required=\"true\" aria-invalid=\"false\" value=\"\" type=\"email\" name=\"your-email\" \/><\/span><\/span><br \/>\n<\/label>\n<\/p>\n<p><label><br \/>\nBetreff *<br \/>\n<span class=\"wpcf7-form-control-wrap\" data-name=\"your-subject\"><input size=\"40\" maxlength=\"400\" class=\"wpcf7-form-control wpcf7-text wpcf7-validates-as-required\" aria-required=\"true\" aria-invalid=\"false\" value=\"\" type=\"text\" name=\"your-subject\" \/><\/span><br \/>\n<\/label>\n<\/p>\n<p><label><br \/>\nIhre Nachricht *<br \/>\n<span class=\"wpcf7-form-control-wrap\" data-name=\"your-message\"><textarea cols=\"40\" rows=\"10\" maxlength=\"2000\" class=\"wpcf7-form-control wpcf7-textarea wpcf7-validates-as-required\" aria-required=\"true\" aria-invalid=\"false\" name=\"your-message\"><\/textarea><\/span><br \/>\n<\/label>\n<\/p>\n<p><input class=\"wpcf7-form-control wpcf7-submit has-spinner submit-btn\" type=\"submit\" value=\"Absenden\" \/>\n<\/p><div class=\"wpcf7-response-output\" aria-hidden=\"true\"><\/div>\n<\/form>\n<\/div>\n<\/div>\n\t\t\t\t\t\t<\/div>\n\t\t\t\t\t<\/div>\n\t\t\t\t<\/div>\n\t\t\t\t<\/div>\n\t\t","protected":false},"excerpt":{"rendered":"<p>TC Sch\u00f6ner Wohnen GmbH \u2013 Ihre Baufirma in Friedberg mit 5 Jahren [&hellip;]<\/p>\n","protected":false},"author":2,"featured_media":0,"parent":0,"menu_order":0,"comment_status":"closed","ping_status":"closed","template":"","meta":{"footnotes":""},"class_list":["post-23","page","type-page","status-publish","hentry"],"_links":{"self":[{"href":"https:\/\/tcschoenerwohnen.com\/index.php?rest_route=\/wp\/v2\/pages\/23","targetHints":{"allow":["GET"]}}],"collection":[{"href":"https:\/\/tcschoenerwohnen.com\/index.php?rest_route=\/wp\/v2\/pages"}],"about":[{"href":"https:\/\/tcschoenerwohnen.com\/index.php?rest_route=\/wp\/v2\/types\/page"}],"author":[{"embeddable":true,"href":"https:\/\/tcschoenerwohnen.com\/index.php?rest_route=\/wp\/v2\/users\/2"}],"replies":[{"embeddable":true,"href":"https:\/\/tcschoenerwohnen.com\/index.php?rest_route=%2Fwp%2Fv2%2Fcomments&post=23"}],"version-history":[{"count":29,"href":"https:\/\/tcschoenerwohnen.com\/index.php?rest_route=\/wp\/v2\/pages\/23\/revisions"}],"predecessor-version":[{"id":17535,"href":"https:\/\/tcschoenerwohnen.com\/index.php?rest_route=\/wp\/v2\/pages\/23\/revisions\/17535"}],"wp:attachment":[{"href":"https:\/\/tcschoenerwohnen.com\/index.php?rest_route=%2Fwp%2Fv2%2Fmedia&parent=23"}],"curies":[{"name":"wp","href":"https:\/\/api.w.org\/{rel}","templated":true}]}}